{"id":4140,"date":"2024-11-16T11:42:58","date_gmt":"2024-11-16T11:42:58","guid":{"rendered":"https:\/\/www.daktowerimmobilier.com\/?page_id=4140"},"modified":"2025-11-21T12:42:21","modified_gmt":"2025-11-21T12:42:21","slug":"about","status":"publish","type":"page","link":"https:\/\/www.daktowerimmobilier.com\/?page_id=4140","title":{"rendered":"Daktower"},"content":{"rendered":"\t\t<div data-elementor-type=\"wp-page\" data-elementor-id=\"4140\" class=\"elementor elementor-4140\">\n\t\t\t\t\t\t<section class=\"elementor-section elementor-top-section elementor-element elementor-element-dfb8dbe elementor-section-full_width elementor-section-height-min-height elementor-section-items-bottom elementor-section-content-middle elementor-section-height-default\" data-id=\"dfb8dbe\" data-element_type=\"section\" data-e-type=\"section\" data-settings=\"{&quot;shape_divider_top&quot;:&quot;book&quot;}\">\n\t\t\t\t\t<div class=\"elementor-shape elementor-shape-top\" aria-hidden=\"true\" data-negative=\"false\">\n\t\t\t<svg xmlns=\"http:\/\/www.w3.org\/2000\/svg\" viewBox=\"0 0 1000 100\" preserveAspectRatio=\"none\">\n\t<path class=\"elementor-shape-fill\" d=\"M194,99c186.7,0.7,305-78.3,306-97.2c1,18.9,119.3,97.9,306,97.2c114.3-0.3,194,0.3,194,0.3s0-91.7,0-100c0,0,0,0,0-0 L0,0v99.3C0,99.3,79.7,98.7,194,99z\"\/>\n<\/svg>\t\t<\/div>\n\t\t\t\t\t<div class=\"elementor-container elementor-column-gap-default\">\n\t\t\t\t\t<div class=\"elementor-column elementor-col-100 elementor-top-column elementor-element elementor-element-507b6ca\" data-id=\"507b6ca\" data-element_type=\"column\" data-e-type=\"column\">\n\t\t\t<div class=\"elementor-widget-wrap elementor-element-populated\">\n\t\t\t\t\t\t<div class=\"elementor-element elementor-element-52c057b elementor-widget elementor-widget-heading\" data-id=\"52c057b\" data-element_type=\"widget\" data-e-type=\"widget\" data-widget_type=\"heading.default\">\n\t\t\t\t<div class=\"elementor-widget-container\">\n\t\t\t\t\t<h2 class=\"elementor-heading-title elementor-size-default\">daktower<\/h2>\t\t\t\t<\/div>\n\t\t\t\t<\/div>\n\t\t\t\t\t<\/div>\n\t\t<\/div>\n\t\t\t\t\t<\/div>\n\t\t<\/section>\n\t\t\t\t<section class=\"elementor-section elementor-top-section elementor-element elementor-element-25c7553 elementor-section-full_width elementor-section-height-min-height elementor-section-height-default elementor-section-items-middle\" data-id=\"25c7553\" data-element_type=\"section\" data-e-type=\"section\">\n\t\t\t\t\t\t<div class=\"elementor-container elementor-column-gap-default\">\n\t\t\t\t\t<div class=\"elementor-column elementor-col-100 elementor-top-column elementor-element elementor-element-cf62b79\" data-id=\"cf62b79\" data-element_type=\"column\" data-e-type=\"column\">\n\t\t\t<div class=\"elementor-widget-wrap elementor-element-populated\">\n\t\t\t\t\t\t<div class=\"elementor-element elementor-element-91ecb61 elementor-widget elementor-widget-text-editor\" data-id=\"91ecb61\" data-element_type=\"widget\" data-e-type=\"widget\" data-widget_type=\"text-editor.default\">\n\t\t\t\t<div class=\"elementor-widget-container\">\n\t\t\t\t\t\t\t\t\t<p>Situ\u00e9 \u00e0 l&#8217;extr\u00e9mit\u00e9 de la Corniche Ouest de Dakar avec des vues imprenables sur l&#8217;oc\u00e9an Atlantique, entre les \u00eeles de la Madeleine et l\u2019\u00eele de Gor\u00e9e, Daktower vous offre l&#8217;opportunit\u00e9 unique d&#8217;acqu\u00e9rir un appartement \u00e0 votre image en VEFA (Vente en l&#8217;\u00c9tat Futur d&#8217;Ach\u00e8vement).<\/p><p>Les appartements de Daktower allient choix et personnalisation selon vos go\u00fbts avec des caract\u00e9ristiques modernes, des finitions \u00e9l\u00e9gantes et des espaces ouverts r\u00e9partis sur 122 m\u00e8tres de hauteur. Le projet comprend deux tours de 32 \u00e9tages r\u00e9sidentiels et une tour de 25 \u00e9tages abritant un h\u00f4tel et des bureaux, une terrasse de pr\u00e8s de 3 000 m\u00b2 sur la mezzanine avec espaces verts, zones de yoga, piscines et bien plus encore. Au rez-de-chauss\u00e9e et en mezzanine, le plus grand centre commercial du S\u00e9n\u00e9gal, s&#8217;\u00e9tendant sur 11 000 m\u00b2, est d\u00e9j\u00e0 pr\u00eat \u00e0 accueillir les plus grandes marques internationales. Tout cela fait de Daktower le point de d\u00e9part id\u00e9al o\u00f9 confort, style et potentiel se conjuguent en un seul lieu.<\/p><p>Les cl\u00e9s des prestigieux appartements de la Tour A de Daktower seront enfin entre vos mains en fin Juin 2027 !<\/p>\t\t\t\t\t\t\t\t<\/div>\n\t\t\t\t<\/div>\n\t\t\t\t\t<\/div>\n\t\t<\/div>\n\t\t\t\t\t<\/div>\n\t\t<\/section>\n\t\t\t\t<section class=\"elementor-section elementor-top-section elementor-element elementor-element-b6f7843 elementor-section-full_width elementor-section-height-min-height elementor-section-content-top elementor-section-height-default elementor-section-items-middle\" data-id=\"b6f7843\" data-element_type=\"section\" data-e-type=\"section\">\n\t\t\t\t\t\t<div class=\"elementor-container elementor-column-gap-default\">\n\t\t\t\t\t<div class=\"elementor-column elementor-col-50 elementor-top-column elementor-element elementor-element-6986ebf\" data-id=\"6986ebf\" data-element_type=\"column\" data-e-type=\"column\">\n\t\t\t<div class=\"elementor-widget-wrap elementor-element-populated\">\n\t\t\t\t\t\t<section class=\"elementor-section elementor-inner-section elementor-element elementor-element-28986e1 elementor-section-full_width elementor-section-height-min-height elementor-section-height-default\" data-id=\"28986e1\" data-element_type=\"section\" data-e-type=\"section\" data-settings=\"{&quot;background_background&quot;:&quot;gradient&quot;}\">\n\t\t\t\t\t\t<div class=\"elementor-container elementor-column-gap-default\">\n\t\t\t\t\t<div class=\"elementor-column elementor-col-100 elementor-inner-column elementor-element elementor-element-0ed569b\" data-id=\"0ed569b\" data-element_type=\"column\" data-e-type=\"column\" data-settings=\"{&quot;background_background&quot;:&quot;classic&quot;}\">\n\t\t\t<div class=\"elementor-widget-wrap\">\n\t\t\t\t\t\t\t<\/div>\n\t\t<\/div>\n\t\t\t\t\t<\/div>\n\t\t<\/section>\n\t\t\t\t\t<\/div>\n\t\t<\/div>\n\t\t\t\t<div class=\"elementor-column elementor-col-50 elementor-top-column elementor-element elementor-element-9c00868\" data-id=\"9c00868\" data-element_type=\"column\" data-e-type=\"column\" data-settings=\"{&quot;background_background&quot;:&quot;classic&quot;}\">\n\t\t\t<div class=\"elementor-widget-wrap elementor-element-populated\">\n\t\t\t\t\t\t<div class=\"elementor-element elementor-element-3d05bd2 elementor-widget elementor-widget-heading\" data-id=\"3d05bd2\" data-element_type=\"widget\" data-e-type=\"widget\" data-widget_type=\"heading.default\">\n\t\t\t\t<div class=\"elementor-widget-container\">\n\t\t\t\t\t<h2 class=\"elementor-heading-title elementor-size-default\">AFRICAN COMPANY FOR CONSTRUCTION AND INVESTMENT\n<\/h2>\t\t\t\t<\/div>\n\t\t\t\t<\/div>\n\t\t\t\t<div class=\"elementor-element elementor-element-bed0abd elementor-widget elementor-widget-text-editor\" data-id=\"bed0abd\" data-element_type=\"widget\" data-e-type=\"widget\" data-widget_type=\"text-editor.default\">\n\t\t\t\t<div class=\"elementor-widget-container\">\n\t\t\t\t\t\t\t\t\t<p>Daktower est un investissement du groupe ACCI, ma\u00eetre d&#8217;ouvrage, pour le d\u00e9veloppement de ce programme immobilier unique \u00e0 Dakar.<\/p><p>ACCI est une soci\u00e9t\u00e9 internationale de d\u00e9veloppement immobilier sp\u00e9cialis\u00e9e dans les investissements r\u00e9sidentiels haut de gamme. Ses actionnaires ont d\u00e9velopp\u00e9 plus de 1,5 million de m\u00b2 d&#8217;appartements de standing moyen et \u00e9lev\u00e9 dans le monde.<\/p><p>Axiome, entreprise g\u00e9n\u00e9rale de g\u00e9nie civil, assure la construction de Daktower.<\/p><p>Innovation, technologie et durabilit\u00e9 sont au c\u0153ur de nos m\u00e9thodes de travail, faisant de Daktower, un projet immense qui fa\u00e7onnera l&#8217;avenir du secteur de la construction au S\u00e9n\u00e9gal et le paysage urbain de la capitale s\u00e9n\u00e9galaise.<\/p>\t\t\t\t\t\t\t\t<\/div>\n\t\t\t\t<\/div>\n\t\t\t\t<section class=\"elementor-section elementor-inner-section elementor-element elementor-element-5c9e2be elementor-section-boxed elementor-section-height-default elementor-section-height-default\" data-id=\"5c9e2be\" data-element_type=\"section\" data-e-type=\"section\">\n\t\t\t\t\t\t<div class=\"elementor-container elementor-column-gap-default\">\n\t\t\t\t\t<div class=\"elementor-column elementor-col-50 elementor-inner-column elementor-element elementor-element-bc1465c\" data-id=\"bc1465c\" data-element_type=\"column\" data-e-type=\"column\">\n\t\t\t<div class=\"elementor-widget-wrap\">\n\t\t\t\t\t\t\t<\/div>\n\t\t<\/div>\n\t\t\t\t<div class=\"elementor-column elementor-col-50 elementor-inner-column elementor-element elementor-element-23c3e56\" data-id=\"23c3e56\" data-element_type=\"column\" data-e-type=\"column\">\n\t\t\t<div class=\"elementor-widget-wrap elementor-element-populated\">\n\t\t\t\t\t\t<div class=\"elementor-element elementor-element-abf95aa elementor-widget__width-auto elementor-widget elementor-widget-image\" data-id=\"abf95aa\" data-element_type=\"widget\" data-e-type=\"widget\" data-widget_type=\"image.default\">\n\t\t\t\t<div class=\"elementor-widget-container\">\n\t\t\t\t\t\t\t\t\t\t\t\t\t\t\t<img fetchpriority=\"high\" decoding=\"async\" width=\"1024\" height=\"336\" src=\"https:\/\/www.daktowerimmobilier.com\/wp-content\/uploads\/2024\/11\/ACCI-1024x336.jpg\" class=\"attachment-large size-large wp-image-4150\" alt=\"ACCI\" \/>\t\t\t\t\t\t\t\t\t\t\t\t\t\t\t<\/div>\n\t\t\t\t<\/div>\n\t\t\t\t\t<\/div>\n\t\t<\/div>\n\t\t\t\t\t<\/div>\n\t\t<\/section>\n\t\t\t\t\t<\/div>\n\t\t<\/div>\n\t\t\t\t\t<\/div>\n\t\t<\/section>\n\t\t\t\t<section class=\"elementor-section elementor-top-section elementor-element elementor-element-f57d320 elementor-section-boxed elementor-section-height-default elementor-section-height-default\" data-id=\"f57d320\" data-element_type=\"section\" data-e-type=\"section\">\n\t\t\t\t\t\t<div class=\"elementor-container elementor-column-gap-default\">\n\t\t\t\t\t<div class=\"elementor-column elementor-col-100 elementor-top-column elementor-element elementor-element-210cc9b\" data-id=\"210cc9b\" data-element_type=\"column\" data-e-type=\"column\">\n\t\t\t<div class=\"elementor-widget-wrap elementor-element-populated\">\n\t\t\t\t\t\t<section class=\"elementor-section elementor-inner-section elementor-element elementor-element-6ca6c4e elementor-section-boxed elementor-section-height-default elementor-section-height-default\" data-id=\"6ca6c4e\" data-element_type=\"section\" data-e-type=\"section\">\n\t\t\t\t\t\t<div class=\"elementor-container elementor-column-gap-default\">\n\t\t\t\t\t<div class=\"elementor-column elementor-col-100 elementor-inner-column elementor-element elementor-element-cf95f88\" data-id=\"cf95f88\" data-element_type=\"column\" data-e-type=\"column\">\n\t\t\t<div class=\"elementor-widget-wrap elementor-element-populated\">\n\t\t\t\t\t\t<div class=\"elementor-element elementor-element-fe32b61 elementor-widget elementor-widget-heading\" data-id=\"fe32b61\" data-element_type=\"widget\" data-e-type=\"widget\" data-widget_type=\"heading.default\">\n\t\t\t\t<div class=\"elementor-widget-container\">\n\t\t\t\t\t<h2 class=\"elementor-heading-title elementor-size-default\">Actualit\u00e9s<\/h2>\t\t\t\t<\/div>\n\t\t\t\t<\/div>\n\t\t\t\t\t<\/div>\n\t\t<\/div>\n\t\t\t\t\t<\/div>\n\t\t<\/section>\n\t\t\t\t<section class=\"elementor-section elementor-inner-section elementor-element elementor-element-012a070 elementor-section-boxed elementor-section-height-default elementor-section-height-default\" data-id=\"012a070\" data-element_type=\"section\" data-e-type=\"section\">\n\t\t\t\t\t\t<div class=\"elementor-container elementor-column-gap-default\">\n\t\t\t\t\t<div class=\"elementor-column elementor-col-100 elementor-inner-column elementor-element elementor-element-7eb6c0e\" data-id=\"7eb6c0e\" data-element_type=\"column\" data-e-type=\"column\">\n\t\t\t<div class=\"elementor-widget-wrap elementor-element-populated\">\n\t\t\t\t\t\t<div class=\"elementor-element elementor-element-51e9ee5 elementor-grid-3 elementor-grid-tablet-2 elementor-grid-mobile-1 elementor-posts--thumbnail-top elementor-widget elementor-widget-posts\" data-id=\"51e9ee5\" data-element_type=\"widget\" data-e-type=\"widget\" data-settings=\"{&quot;classic_columns&quot;:&quot;3&quot;,&quot;classic_columns_tablet&quot;:&quot;2&quot;,&quot;classic_columns_mobile&quot;:&quot;1&quot;,&quot;classic_row_gap&quot;:{&quot;unit&quot;:&quot;px&quot;,&quot;size&quot;:35,&quot;sizes&quot;:[]}}\" data-widget_type=\"posts.classic\">\n\t\t\t\t<div class=\"elementor-widget-container\">\n\t\t\t\t\t\t\t<div class=\"elementor-posts-container elementor-posts elementor-posts--skin-classic elementor-grid\">\n\t\t\t\t<article class=\"elementor-post elementor-grid-item post-4172 post type-post status-publish format-standard has-post-thumbnail hentry category-uncategorized\">\n\t\t\t\t<a class=\"elementor-post__thumbnail__link\" href=\"https:\/\/www.daktowerimmobilier.com\/?p=4172\" >\n\t\t\t<div class=\"elementor-post__thumbnail\"><img decoding=\"async\" width=\"300\" height=\"300\" src=\"https:\/\/www.daktowerimmobilier.com\/wp-content\/uploads\/2024\/11\/img_construction-300x300.jpg\" class=\"attachment-medium size-medium wp-image-4173\" alt=\"img_construction\" srcset=\"https:\/\/www.daktowerimmobilier.com\/wp-content\/uploads\/2024\/11\/img_construction-300x300.jpg 300w, https:\/\/www.daktowerimmobilier.com\/wp-content\/uploads\/2024\/11\/img_construction-150x150.jpg 150w\" sizes=\"(max-width: 300px) 100vw, 300px\" \/><\/div>\n\t\t<\/a>\n\t\t\t\t<div class=\"elementor-post__text\">\n\t\t\t\t<h3 class=\"elementor-post__title\">\n\t\t\t<a href=\"https:\/\/www.daktowerimmobilier.com\/?p=4172\" >\n\t\t\t\tAvancement des travaux\t\t\t<\/a>\n\t\t<\/h3>\n\t\t\t\t<div class=\"elementor-post__excerpt\">\n\t\t\t<p>Avec le 17e \u00e9tage achev\u00e9, les travaux de Daktower avancent bien et marquent une nouvelle \u00e9tape dans leur progression.<\/p>\n\t\t<\/div>\n\t\t\t\t<\/div>\n\t\t\t\t<\/article>\n\t\t\t\t<article class=\"elementor-post elementor-grid-item post-4169 post type-post status-publish format-standard has-post-thumbnail hentry category-uncategorized\">\n\t\t\t\t<a class=\"elementor-post__thumbnail__link\" href=\"https:\/\/www.daktowerimmobilier.com\/?p=4169\" >\n\t\t\t<div class=\"elementor-post__thumbnail\"><img decoding=\"async\" width=\"300\" height=\"300\" src=\"https:\/\/www.daktowerimmobilier.com\/wp-content\/uploads\/2024\/11\/tuyaux-300x300.jpg\" class=\"attachment-medium size-medium wp-image-4434\" alt=\"\" srcset=\"https:\/\/www.daktowerimmobilier.com\/wp-content\/uploads\/2024\/11\/tuyaux-300x300.jpg 300w, https:\/\/www.daktowerimmobilier.com\/wp-content\/uploads\/2024\/11\/tuyaux-150x150.jpg 150w\" sizes=\"(max-width: 300px) 100vw, 300px\" \/><\/div>\n\t\t<\/a>\n\t\t\t\t<div class=\"elementor-post__text\">\n\t\t\t\t<h3 class=\"elementor-post__title\">\n\t\t\t<a href=\"https:\/\/www.daktowerimmobilier.com\/?p=4169\" >\n\t\t\t\tInnovation en gaz\t\t\t<\/a>\n\t\t<\/h3>\n\t\t\t\t<div class=\"elementor-post__excerpt\">\n\t\t\t<p>Le gaz sera directement achemin\u00e9 aux cuisines par pipeline, garantissant confort et modernit\u00e9 aux r\u00e9sidents.<\/p>\n\t\t<\/div>\n\t\t\t\t<\/div>\n\t\t\t\t<\/article>\n\t\t\t\t<article class=\"elementor-post elementor-grid-item post-4167 post type-post status-publish format-standard has-post-thumbnail hentry category-uncategorized\">\n\t\t\t\t<a class=\"elementor-post__thumbnail__link\" href=\"https:\/\/www.daktowerimmobilier.com\/?p=4167\" >\n\t\t\t<div class=\"elementor-post__thumbnail\"><img loading=\"lazy\" decoding=\"async\" width=\"300\" height=\"300\" src=\"https:\/\/www.daktowerimmobilier.com\/wp-content\/uploads\/2022\/11\/IMG_5774-300x300.jpg\" class=\"attachment-medium size-medium wp-image-3914\" alt=\"\" srcset=\"https:\/\/www.daktowerimmobilier.com\/wp-content\/uploads\/2022\/11\/IMG_5774-300x300.jpg 300w, https:\/\/www.daktowerimmobilier.com\/wp-content\/uploads\/2022\/11\/IMG_5774-1024x1024.jpg 1024w, https:\/\/www.daktowerimmobilier.com\/wp-content\/uploads\/2022\/11\/IMG_5774-150x150.jpg 150w, https:\/\/www.daktowerimmobilier.com\/wp-content\/uploads\/2022\/11\/IMG_5774-768x768.jpg 768w\" sizes=\"(max-width: 300px) 100vw, 300px\" \/><\/div>\n\t\t<\/a>\n\t\t\t\t<div class=\"elementor-post__text\">\n\t\t\t\t<h3 class=\"elementor-post__title\">\n\t\t\t<a href=\"https:\/\/www.daktowerimmobilier.com\/?p=4167\" >\n\t\t\t\tPose de la premi\u00e8re pierre\t\t\t<\/a>\n\t\t<\/h3>\n\t\t\t\t<div class=\"elementor-post__excerpt\">\n\t\t\t<p>Le 17 Juillet 2021, en fin d&#8217;apr\u00e8s-midi, le Chef de l&#8217;\u00c9tat a proc\u00e9d\u00e9 \u00e0 la pose de la premi\u00e8re pierre de DAKTOWER, un complexe moderne<\/p>\n\t\t<\/div>\n\t\t\t\t<\/div>\n\t\t\t\t<\/article>\n\t\t\t\t<\/div>\n\t\t\t\t\t\t<\/div>\n\t\t\t\t<\/div>\n\t\t\t\t\t<\/div>\n\t\t<\/div>\n\t\t\t\t\t<\/div>\n\t\t<\/section>\n\t\t\t\t\t<\/div>\n\t\t<\/div>\n\t\t\t\t\t<\/div>\n\t\t<\/section>\n\t\t\t\t<section class=\"elementor-section elementor-top-section elementor-element elementor-element-53d431d5 elementor-section-full_width elementor-section-height-min-height newsletter elementor-section-height-default elementor-section-items-middle\" data-id=\"53d431d5\" data-element_type=\"section\" data-e-type=\"section\" data-settings=\"{&quot;background_background&quot;:&quot;classic&quot;}\">\n\t\t\t\t\t\t\t<div class=\"elementor-background-overlay\"><\/div>\n\t\t\t\t\t\t\t<div class=\"elementor-container elementor-column-gap-default\">\n\t\t\t\t\t<div class=\"elementor-column elementor-col-100 elementor-top-column elementor-element elementor-element-6402ef02\" data-id=\"6402ef02\" data-element_type=\"column\" data-e-type=\"column\" data-settings=\"{&quot;background_background&quot;:&quot;classic&quot;}\">\n\t\t\t<div class=\"elementor-widget-wrap elementor-element-populated\">\n\t\t\t\t\t\t<div class=\"elementor-element elementor-element-43d43d0a elementor-widget elementor-widget-heading\" data-id=\"43d43d0a\" data-element_type=\"widget\" data-e-type=\"widget\" data-widget_type=\"heading.default\">\n\t\t\t\t<div class=\"elementor-widget-container\">\n\t\t\t\t\t<h2 class=\"elementor-heading-title elementor-size-default\">Contactez-nous<\/h2>\t\t\t\t<\/div>\n\t\t\t\t<\/div>\n\t\t\t\t<div class=\"elementor-element elementor-element-4325a790 elementor-button-align-end elementor-mobile-button-align-start elementor-widget elementor-widget-form\" data-id=\"4325a790\" data-element_type=\"widget\" data-e-type=\"widget\" id=\"formnew\" data-settings=\"{&quot;button_width&quot;:&quot;40&quot;,&quot;step_next_label&quot;:&quot;Next&quot;,&quot;step_previous_label&quot;:&quot;Previous&quot;,&quot;step_type&quot;:&quot;number_text&quot;,&quot;step_icon_shape&quot;:&quot;circle&quot;}\" data-widget_type=\"form.default\">\n\t\t\t\t<div class=\"elementor-widget-container\">\n\t\t\t\t\t\t\t<form class=\"elementor-form\" method=\"post\" id=\"formnew\" name=\"formnew\">\n\t\t\t<input type=\"hidden\" name=\"post_id\" value=\"4140\"\/>\n\t\t\t<input type=\"hidden\" name=\"form_id\" value=\"4325a790\"\/>\n\t\t\t<input type=\"hidden\" name=\"referer_title\" value=\"\" \/>\n\n\t\t\t\n\t\t\t<div class=\"elementor-form-fields-wrapper elementor-labels-\">\n\t\t\t\t\t\t\t\t<div class=\"elementor-field-type-text elementor-field-group elementor-column elementor-field-group-name elementor-col-50 elementor-field-required\">\n\t\t\t\t\t<label for=\"form-field-name\" class=\"elementor-field-label elementor-screen-only\">Nom<\/label><input size=\"1\" type=\"text\" name=\"form_fields[name]\" id=\"form-field-name\" class=\"elementor-field elementor-size-md  elementor-field-textual\" placeholder=\"Nom\" required=\"required\" aria-required=\"true\">\t\t\t\t<\/div>\n\t\t\t\t\t\t\t\t<div class=\"elementor-field-type-text elementor-field-group elementor-column elementor-field-group-field_516bf1d elementor-col-50 elementor-field-required\">\n\t\t\t\t\t<label for=\"form-field-field_516bf1d\" class=\"elementor-field-label elementor-screen-only\">Prenom<\/label><input size=\"1\" type=\"text\" name=\"form_fields[field_516bf1d]\" id=\"form-field-field_516bf1d\" class=\"elementor-field elementor-size-md  elementor-field-textual\" placeholder=\"Prenom\" required=\"required\" aria-required=\"true\">\t\t\t\t<\/div>\n\t\t\t\t\t\t\t\t<div class=\"elementor-field-type-tel elementor-field-group elementor-column elementor-field-group-field_ef30acd elementor-col-50\">\n\t\t\t\t\t<label for=\"form-field-field_ef30acd\" class=\"elementor-field-label elementor-screen-only\">Telephone<\/label><input size=\"1\" type=\"tel\" name=\"form_fields[field_ef30acd]\" id=\"form-field-field_ef30acd\" class=\"elementor-field elementor-size-md  elementor-field-textual\" placeholder=\"T\u00e9l\u00e9phone\" pattern=\"[0-9()#&amp;+*-=.]+\" title=\"Only numbers and phone characters (#, -, *, etc) are accepted.\">\t\t\t\t<\/div>\n\t\t\t\t\t\t\t\t<div class=\"elementor-field-type-email elementor-field-group elementor-column elementor-field-group-email elementor-col-50 elementor-field-required\">\n\t\t\t\t\t<label for=\"form-field-email\" class=\"elementor-field-label elementor-screen-only\">Email<\/label><input size=\"1\" type=\"email\" name=\"form_fields[email]\" id=\"form-field-email\" class=\"elementor-field elementor-size-md  elementor-field-textual\" placeholder=\"Email\" required=\"required\" aria-required=\"true\">\t\t\t\t<\/div>\n\t\t\t\t\t\t\t\t<div class=\"elementor-field-type-textarea elementor-field-group elementor-column elementor-field-group-field_13d5d47 elementor-col-100 elementor-field-required\">\n\t\t\t\t\t<label for=\"form-field-field_13d5d47\" class=\"elementor-field-label elementor-screen-only\">Interet<\/label><textarea class=\"elementor-field-textual elementor-field  elementor-size-md\" name=\"form_fields[field_13d5d47]\" id=\"form-field-field_13d5d47\" rows=\"4\" placeholder=\"Int\u00e9r\u00eat\" required=\"required\" aria-required=\"true\"><\/textarea>\t\t\t\t<\/div>\n\t\t\t\t\t\t\t\t<div class=\"elementor-field-type-acceptance elementor-field-group elementor-column elementor-field-group-field_d4b2bf6 elementor-col-60 elementor-field-required\">\n\t\t\t\t\t<label for=\"form-field-field_d4b2bf6\" class=\"elementor-field-label elementor-screen-only\">Terme<\/label><div class=\"elementor-field-subgroup\"><span class=\"elementor-field-option\"><input type=\"checkbox\" name=\"form_fields[field_d4b2bf6]\" id=\"form-field-field_d4b2bf6\" class=\"elementor-field elementor-size-md  elementor-acceptance-field\" required=\"required\" aria-required=\"true\"> <label for=\"form-field-field_d4b2bf6\">Je suis d'accord avec les termes et conditions<\/label><\/span><\/div>\t\t\t\t<\/div>\n\t\t\t\t\t\t\t\t<div class=\"elementor-field-group elementor-column elementor-field-type-submit elementor-col-40 e-form__buttons\">\n\t\t\t\t\t<button type=\"submit\" class=\"elementor-button elementor-size-sm\">\n\t\t\t\t\t\t<span >\n\t\t\t\t\t\t\t\t\t\t\t\t\t\t\t<span class=\" elementor-button-icon\">\n\t\t\t\t\t\t\t\t\t\t\t\t\t\t\t\t\t\t\t\t\t\t\t\t\t\t<\/span>\n\t\t\t\t\t\t\t\t\t\t\t\t\t\t\t\t\t\t\t\t\t\t<span class=\"elementor-button-text\">ENVOYER<\/span>\n\t\t\t\t\t\t\t\t\t\t\t\t\t<\/span>\n\t\t\t\t\t<\/button>\n\t\t\t\t<\/div>\n\t\t\t<\/div>\n\t\t<\/form>\n\t\t\t\t\t\t<\/div>\n\t\t\t\t<\/div>\n\t\t\t\t\t<\/div>\n\t\t<\/div>\n\t\t\t\t\t<\/div>\n\t\t<\/section>\n\t\t\t\t<\/div>\n\t\t","protected":false},"excerpt":{"rendered":"<p>daktower Situ\u00e9 \u00e0 l&#8217;extr\u00e9mit\u00e9 de la Corniche Ouest de Dakar avec des vues imprenables sur l&#8217;oc\u00e9an Atlantique, entre les \u00eeles de la Madeleine et l\u2019\u00eele de Gor\u00e9e, Daktower vous offre l&#8217;opportunit\u00e9 unique d&#8217;acqu\u00e9rir un appartement \u00e0 votre image en VEFA (Vente en l&#8217;\u00c9tat Futur d&#8217;Ach\u00e8vement). Les appartements de Daktower allient choix et personnalisation selon vos [&hellip;]<\/p>\n","protected":false},"author":5,"featured_media":0,"parent":0,"menu_order":0,"comment_status":"closed","ping_status":"closed","template":"","meta":{"footnotes":""},"class_list":["post-4140","page","type-page","status-publish","hentry"],"_links":{"self":[{"href":"https:\/\/www.daktowerimmobilier.com\/index.php?rest_route=\/wp\/v2\/pages\/4140","targetHints":{"allow":["GET"]}}],"collection":[{"href":"https:\/\/www.daktowerimmobilier.com\/index.php?rest_route=\/wp\/v2\/pages"}],"about":[{"href":"https:\/\/www.daktowerimmobilier.com\/index.php?rest_route=\/wp\/v2\/types\/page"}],"author":[{"embeddable":true,"href":"https:\/\/www.daktowerimmobilier.com\/index.php?rest_route=\/wp\/v2\/users\/5"}],"replies":[{"embeddable":true,"href":"https:\/\/www.daktowerimmobilier.com\/index.php?rest_route=%2Fwp%2Fv2%2Fcomments&post=4140"}],"version-history":[{"count":57,"href":"https:\/\/www.daktowerimmobilier.com\/index.php?rest_route=\/wp\/v2\/pages\/4140\/revisions"}],"predecessor-version":[{"id":4502,"href":"https:\/\/www.daktowerimmobilier.com\/index.php?rest_route=\/wp\/v2\/pages\/4140\/revisions\/4502"}],"wp:attachment":[{"href":"https:\/\/www.daktowerimmobilier.com\/index.php?rest_route=%2Fwp%2Fv2%2Fmedia&parent=4140"}],"curies":[{"name":"wp","href":"https:\/\/api.w.org\/{rel}","templated":true}]}}